{"id":19,"date":"2016-06-05T14:05:09","date_gmt":"2016-06-05T12:05:09","guid":{"rendered":"http:\/\/www.delank.com\/delank\/?page_id=19"},"modified":"2025-11-06T08:37:39","modified_gmt":"2025-11-06T07:37:39","slug":"gutachten","status":"publish","type":"page","link":"http:\/\/www.delank.com\/delank\/gutachten\/","title":{"rendered":"Sachverst\u00e4ndigenb\u00fcro f\u00fcr Alte und Zeitgen\u00f6ssische Ostasiatische Kunst"},"content":{"rendered":"<p><img decoding=\"async\" loading=\"lazy\" class=\"alignnone wp-image-20\" src=\"http:\/\/www.delank.com\/delank\/wp-content\/uploads\/2016\/06\/IfS-Zeichen.gif\" alt=\"\" width=\"167\" height=\"167\" \/><\/p>\n<p>Dr. Claudia Delank ist seit 2013 von der Industrie- und Handelskammer Berlin \u00f6ffentlich bestellte und vereidigte <strong>Sachverst\u00e4ndige f\u00fcr Alte und Zeitgen\u00f6ssische Ostasiatische Kunst<\/strong> (Gerichts-, Schieds- und Privatgutachten). Sie\u00a0erstellt Gutachten im privaten und gerichtlichen Auftrag, unter anderem f\u00fcr das <strong>Museum f\u00fcr Asiatische Kunst Berlin<\/strong> zum Ankauf einer Sammlung sowie einer Schenkung, f\u00fcr die <strong>Kulturstiftung der L\u00e4nder<\/strong>, f\u00fcr mehrere <strong>Auktionsh\u00e4user<\/strong>, \u00a0<strong>bundesdeutsche Gerichte <\/strong>sowie<strong>\u00a0Versicherungen<\/strong>.<\/p>\n<p>Dr. Claudia Delank erstellt Gutachten in den <strong>Sachgebieten Kunst (mit Schwerpunkt Ostasiatika) und Hausrat<\/strong>.<\/p>\n<p>Seit April 2024 ist sie bestellte und vereidigte Gerichtssachverst\u00e4ndige f\u00fcr Wien und \u00d6sterreich.<\/p>\n<p>Sie ist Mitglied im\u00a0Hauptverband der Gerichtssachverst\u00e4ndigen in \u00d6sterreich.<\/p>\n<p><img decoding=\"async\" loading=\"lazy\" class=\"size-full wp-image-921 alignleft\" src=\"http:\/\/www.delank.com\/delank\/wp-content\/uploads\/2024\/05\/csm_logo_5c08f00d61-1.png\" alt=\"\" width=\"140\" height=\"143\" \/><\/p>\n<h3><\/h3>\n<h3><span style=\"color: #ffffff;\">.\u00a0<\/span><\/h3>\n<h3><\/h3>\n<h3><\/h3>\n<h3>Repr\u00e4sentanz von\u00a0Oxford Authentication Ltd. in Deutschland und Zentraleuropa<\/h3>\n<p><img decoding=\"async\" loading=\"lazy\" class=\"alignnone wp-image-365\" src=\"http:\/\/www.delank.com\/delank\/wp-content\/uploads\/2016\/06\/Oxford-Authentication-logo.png\" alt=\"oxford-authentication-logo\" width=\"581\" height=\"88\" srcset=\"http:\/\/www.delank.com\/delank\/wp-content\/uploads\/2016\/06\/Oxford-Authentication-logo.png 2408w, http:\/\/www.delank.com\/delank\/wp-content\/uploads\/2016\/06\/Oxford-Authentication-logo-300x45.png 300w, http:\/\/www.delank.com\/delank\/wp-content\/uploads\/2016\/06\/Oxford-Authentication-logo-768x116.png 768w, http:\/\/www.delank.com\/delank\/wp-content\/uploads\/2016\/06\/Oxford-Authentication-logo-1024x155.png 1024w\" sizes=\"(max-width: 581px) 100vw, 581px\" \/><\/p>\n<p>F\u00fcr die Begutachtung von Objekten aus Ton, Steinzeug wie Terrakottafiguren und Gef\u00e4\u00dfen zum Beispiel aus China aus der Han- (206 v. Chr. \u2013 220 n. Chr.) und\u00a0Tang-Zeit (618\u2013907),\u00a0Steinzeug aus der Song-Zeit (960\u20131279) oder\u00a0Porzellan aus der\u00a0Ming-Zeit\u00a0(1368\u20131644) kooperiert das Sachverst\u00e4ndigenb\u00fcro mit Oxford Authentication Ltd.<\/p>\n<p>Als Methoden werden Thermolumineszenz-Tests in Verbindung mit Bindemittelanalysen eingesetzt, da die neuesten Forschungsergebnisse zeigen, dass Thermolumineszenz-Analysen alleine nicht mehr ausreichen, um die Echtheit von Keramiken zu \u00fcberpr\u00fcfen. Das Sachverst\u00e4ndigenb\u00fcro ist autorisiert, direkt Materialproben an den Objekten zu entnehmen, die von Oxford Authentication Ltd. untersucht werden, und veranlasst dar\u00fcber hinaus R\u00f6ntgenuntersuchungen der Objekte.<\/p>\n<p>Aufgrund der Tatsache, dass F\u00e4lschungen in der ostasiatischen und vor allem chinesischen Kunst immer raffinierter, technisch versierter und schwieriger zu entlarven sind, werden bei der Begutachtung naturwissenschaftliche Analysen mit stilkritischen und kunstwissenschaftlichen Untersuchungen verbunden. Dabei werden die naturwissenschaftlichen Methoden mit dem kooperierenden englischen Institut immer auf den neuesten Stand gebracht.<\/p>\n<p>Das Sachverst\u00e4ndigenb\u00fcro Dr. Claudia Delank repr\u00e4sentiert eines\u00a0der renommiertesten Institute in Europa, um eine solide \u00dcberpr\u00fcfung der Echtheit von keramischen Objekten zu gew\u00e4hrleisten.<\/p>\n<p>F\u00fcr die Datierung von Objekten aus <strong>Holz<\/strong> arbeiten wir mit verschiedenen Instituten f\u00fcr die C14-Datierung zusammen.<\/p>\n","protected":false},"excerpt":{"rendered":"<p>Dr. Claudia Delank ist seit 2013 von der Industrie- und Handelskammer Berlin \u00f6ffentlich bestellte und vereidigte Sachverst\u00e4ndige f\u00fcr Alte und Zeitgen\u00f6ssische Ostasiatische Kunst (Gerichts-, Schieds- und Privatgutachten). Sie\u00a0erstellt Gutachten im privaten und gerichtlichen Auftrag, unter anderem f\u00fcr das Museum f\u00fcr Asiatische Kunst Berlin zum Ankauf einer Sammlung sowie einer Schenkung, f\u00fcr die Kulturstiftung der L\u00e4nder,&hellip; <a class=\"more-link\" href=\"http:\/\/www.delank.com\/delank\/gutachten\/\"><span class=\"screen-reader-text\">Sachverst\u00e4ndigenb\u00fcro f\u00fcr Alte und Zeitgen\u00f6ssische Ostasiatische Kunst<\/span> weiterlesen <span class=\"meta-nav\" aria-hidden=\"true\">&rarr;<\/span><\/a><\/p>\n","protected":false},"author":1,"featured_media":0,"parent":0,"menu_order":0,"comment_status":"closed","ping_status":"closed","template":"fullwidth-page.php","meta":[],"_links":{"self":[{"href":"http:\/\/www.delank.com\/delank\/wp-json\/wp\/v2\/pages\/19"}],"collection":[{"href":"http:\/\/www.delank.com\/delank\/wp-json\/wp\/v2\/pages"}],"about":[{"href":"http:\/\/www.delank.com\/delank\/wp-json\/wp\/v2\/types\/page"}],"author":[{"embeddable":true,"href":"http:\/\/www.delank.com\/delank\/wp-json\/wp\/v2\/users\/1"}],"replies":[{"embeddable":true,"href":"http:\/\/www.delank.com\/delank\/wp-json\/wp\/v2\/comments?post=19"}],"version-history":[{"count":34,"href":"http:\/\/www.delank.com\/delank\/wp-json\/wp\/v2\/pages\/19\/revisions"}],"predecessor-version":[{"id":957,"href":"http:\/\/www.delank.com\/delank\/wp-json\/wp\/v2\/pages\/19\/revisions\/957"}],"wp:attachment":[{"href":"http:\/\/www.delank.com\/delank\/wp-json\/wp\/v2\/media?parent=19"}],"curies":[{"name":"wp","href":"https:\/\/api.w.org\/{rel}","templated":true}]}}