{"id":333,"date":"2016-08-09T09:44:42","date_gmt":"2016-08-09T07:44:42","guid":{"rendered":"http:\/\/www.delank.com\/delank\/?page_id=333"},"modified":"2024-05-02T17:55:28","modified_gmt":"2024-05-02T15:55:28","slug":"start","status":"publish","type":"page","link":"http:\/\/www.delank.com\/delank\/","title":{"rendered":""},"content":{"rendered":"<table>\n<tbody>\n<tr>\n<td>\n<h4><img decoding=\"async\" loading=\"lazy\" class=\"alignnone  wp-image-250\" src=\"http:\/\/www.delank.com\/delank\/wp-content\/uploads\/2016\/06\/cd_13_logo_start-1.png\" alt=\"cd_13_logo_start\" width=\"100\" height=\"100\" \/><br \/>\nSachverst\u00e4ndigenb\u00fcro<br \/>\nRepr\u00e4sentanz\u00a0von Oxford Authentication Ltd.<\/h4>\n<\/td>\n<td><img decoding=\"async\" loading=\"lazy\" class=\"alignleft size-medium wp-image-460\" src=\"http:\/\/www.delank.com\/delank\/wp-content\/uploads\/2016\/08\/17a778fb-33-300x200.jpeg\" alt=\"17a778fb-33\" width=\"300\" height=\"200\" srcset=\"http:\/\/www.delank.com\/delank\/wp-content\/uploads\/2016\/08\/17a778fb-33-300x200.jpeg 300w, http:\/\/www.delank.com\/delank\/wp-content\/uploads\/2016\/08\/17a778fb-33-768x512.jpeg 768w, http:\/\/www.delank.com\/delank\/wp-content\/uploads\/2016\/08\/17a778fb-33-1024x683.jpeg 1024w, http:\/\/www.delank.com\/delank\/wp-content\/uploads\/2016\/08\/17a778fb-33.jpeg 1058w\" sizes=\"(max-width: 300px) 100vw, 300px\" \/><\/td>\n<\/tr>\n<\/tbody>\n<\/table>\n<p><img decoding=\"async\" loading=\"lazy\" class=\"wp-image-20 alignleft\" src=\"http:\/\/www.delank.com\/delank\/wp-content\/uploads\/2016\/06\/IfS-Zeichen.gif\" alt=\"\" width=\"83\" height=\"83\" \/><\/p>\n<p>Dr. Claudia Delank ist seit 2013 von der Industrie- und Handelskammer Berlin \u00f6ffentlich bestellte und vereidigte <strong>Sachverst\u00e4ndige f\u00fcr Alte und Zeitgen\u00f6ssische Ostasiatische Kunst<\/strong> (Gerichts-, Schieds-, Versicherungs- und Privatgutachten).<\/p>\n<p>Sie\u00a0erstellt Gutachten in den <strong>Sachgebieten Kunst (mit Schwerpunkt auf Asiatika) und h\u00f6herwertigen Hausrat<\/strong>.\u00a0Seit April 2024 ist sie bestellte und vereidigte Gerichtssachverst\u00e4ndige f\u00fcr Wien und \u00d6sterreich.<\/p>\n<p>Sie\u00a0ist Mitglied im <strong>BVS<\/strong> (Bundesverband \u00f6ffentlich bestellter und vereidigter sowie qualifizierter Sachverst\u00e4ndiger e. V.), im <strong>VVS<\/strong> (Verband der Vereidigten Sachverst\u00e4ndigen e. V. Berlin und Brandenburg) sowie im Hauptverband der Gerichtssachverst\u00e4ndigen in \u00d6sterreich.<\/p>\n<h4><\/h4>\n<h4>Repr\u00e4sentanz von\u00a0Oxford Authentication Ltd. in Deutschland und Kontinentaleuropa<\/h4>\n<p><img decoding=\"async\" loading=\"lazy\" class=\"alignnone wp-image-365\" src=\"http:\/\/www.delank.com\/delank\/wp-content\/uploads\/2016\/06\/Oxford-Authentication-logo.png\" alt=\"oxford-authentication-logo\" width=\"581\" height=\"88\" srcset=\"http:\/\/www.delank.com\/delank\/wp-content\/uploads\/2016\/06\/Oxford-Authentication-logo.png 2408w, http:\/\/www.delank.com\/delank\/wp-content\/uploads\/2016\/06\/Oxford-Authentication-logo-300x45.png 300w, http:\/\/www.delank.com\/delank\/wp-content\/uploads\/2016\/06\/Oxford-Authentication-logo-768x116.png 768w, http:\/\/www.delank.com\/delank\/wp-content\/uploads\/2016\/06\/Oxford-Authentication-logo-1024x155.png 1024w\" sizes=\"(max-width: 581px) 100vw, 581px\" \/><\/p>\n<p>Das Sachverst\u00e4ndigenb\u00fcro Dr. Claudia Delank repr\u00e4sentiert Oxford Authentication Ltd. in Deutschland und Kontinentaleuropa f\u00fcr die Begutachtung von Objekten aus Ton, Steinzeug und Porzellan. Als Methoden werden <strong>Thermolumineszenz-Tests<\/strong> in Verbindung mit <strong>Bindemittelanalysen<\/strong> eingesetzt. Dr. Claudia Delank ist autorisiert, Materialproben den Objekten zu entnehmen,\u00a0die von Oxford Authentication Ltd. untersucht werden.<\/p>\n<table>\n<tbody>\n<tr>\n<td><em>B\u00fcro\u00a0Berlin<\/em><br \/>\nBleibtreustr. 15\u201316<br \/>\n10623 Berlin<\/td>\n<td><em>\u00a0<\/em><\/td>\n<td><em>Kontakt<\/em><br \/>\nTelefon +49 030 88727653<br \/>\nFax +49 030 88713053<br \/>\nMobil\u00a0+49 0171 3191612<br \/>\nE-Mail <a href=\"mailto:info@delank.com\">info@delank.com<\/a><\/td>\n<\/tr>\n<\/tbody>\n<\/table>\n","protected":false},"excerpt":{"rendered":"<p>Sachverst\u00e4ndigenb\u00fcro Repr\u00e4sentanz\u00a0von Oxford Authentication Ltd. Dr. Claudia Delank ist seit 2013 von der Industrie- und Handelskammer Berlin \u00f6ffentlich bestellte und vereidigte Sachverst\u00e4ndige f\u00fcr Alte und Zeitgen\u00f6ssische Ostasiatische Kunst (Gerichts-, Schieds-, Versicherungs- und Privatgutachten). Sie\u00a0erstellt Gutachten in den Sachgebieten Kunst (mit Schwerpunkt auf Asiatika) und h\u00f6herwertigen Hausrat.\u00a0Seit April 2024 ist sie bestellte und vereidigte Gerichtssachverst\u00e4ndige f\u00fcr&hellip; <a class=\"more-link\" href=\"http:\/\/www.delank.com\/delank\/\"><span class=\"screen-reader-text\"><\/span> weiterlesen <span class=\"meta-nav\" aria-hidden=\"true\">&rarr;<\/span><\/a><\/p>\n","protected":false},"author":1,"featured_media":0,"parent":0,"menu_order":0,"comment_status":"closed","ping_status":"closed","template":"fullwidth-page.php","meta":[],"_links":{"self":[{"href":"http:\/\/www.delank.com\/delank\/wp-json\/wp\/v2\/pages\/333"}],"collection":[{"href":"http:\/\/www.delank.com\/delank\/wp-json\/wp\/v2\/pages"}],"about":[{"href":"http:\/\/www.delank.com\/delank\/wp-json\/wp\/v2\/types\/page"}],"author":[{"embeddable":true,"href":"http:\/\/www.delank.com\/delank\/wp-json\/wp\/v2\/users\/1"}],"replies":[{"embeddable":true,"href":"http:\/\/www.delank.com\/delank\/wp-json\/wp\/v2\/comments?post=333"}],"version-history":[{"count":71,"href":"http:\/\/www.delank.com\/delank\/wp-json\/wp\/v2\/pages\/333\/revisions"}],"predecessor-version":[{"id":918,"href":"http:\/\/www.delank.com\/delank\/wp-json\/wp\/v2\/pages\/333\/revisions\/918"}],"wp:attachment":[{"href":"http:\/\/www.delank.com\/delank\/wp-json\/wp\/v2\/media?parent=333"}],"curies":[{"name":"wp","href":"https:\/\/api.w.org\/{rel}","templated":true}]}}