{"id":565,"date":"2018-09-03T12:18:42","date_gmt":"2018-09-03T10:18:42","guid":{"rendered":"http:\/\/www.delank.com\/delank\/?page_id=565"},"modified":"2025-11-06T08:35:31","modified_gmt":"2025-11-06T07:35:31","slug":"zur-person","status":"publish","type":"page","link":"http:\/\/www.delank.com\/delank\/gutachten\/zur-person\/","title":{"rendered":"Zur Person"},"content":{"rendered":"<p><img decoding=\"async\" loading=\"lazy\" class=\"size-medium wp-image-460 alignnone\" src=\"http:\/\/www.delank.com\/delank\/wp-content\/uploads\/2016\/08\/17a778fb-33-300x200.jpeg\" alt=\"17a778fb-33\" width=\"300\" height=\"200\" srcset=\"http:\/\/www.delank.com\/delank\/wp-content\/uploads\/2016\/08\/17a778fb-33-300x200.jpeg 300w, http:\/\/www.delank.com\/delank\/wp-content\/uploads\/2016\/08\/17a778fb-33-768x512.jpeg 768w, http:\/\/www.delank.com\/delank\/wp-content\/uploads\/2016\/08\/17a778fb-33-1024x683.jpeg 1024w, http:\/\/www.delank.com\/delank\/wp-content\/uploads\/2016\/08\/17a778fb-33.jpeg 1058w\" sizes=\"(max-width: 300px) 100vw, 300px\" \/><br \/>\n<strong>Dr. Claudia Delank<\/strong> \u2014 Studium der Anglistik, ostasiatischen Kunstgeschichte und Japanologie an den Universit\u00e4ten T\u00fcbingen, K\u00f6ln (Prof. Dr. Roger Goepper) und Cambridge. 1981 Promotion, 1982\u201385 Lektorin an der Tohoku Universit\u00e4t Sendai, Japan.\u00a01986\u20132011 Lehrauftr\u00e4ge an den Universit\u00e4ten Trier, K\u00f6ln, Bonn, FU Berlin und Kunstakademie D\u00fcsseldorf. Autorin zahlreicher Publikationen zur japanischen Kunst und zum Japonismus. 2011 Kuratierung der Ausstellung \u201eDie Maler des Blauen Reiter und Japan\u201c im Schlo\u00dfmuseum Murnau. 1996\u20132011 eigene Galerie f\u00fcr zeitgen\u00f6ssische Kunst aus Japan und Europa in Bremen, K\u00f6ln und Berlin. 2005 war sie die erste Preistr\u00e4gerin der Society for the Study of Japonisme, Tokyo f\u00fcr ihr Buch <em>Das imagin\u00e4re Japan in der Kunst. Japanbilder vom Jugendstil bis zum Bauhaus<\/em> (M\u00fcnchen 1996, jap. \u00dcbersetzung Doitssu ni Okeru: Nihon = Z\u00f4, Kyoto, 2004). Seit 2013 ist sie von der IHK Berlin \u00f6ffentlich bestellte und vereidigte Sachverst\u00e4ndige f\u00fcr Alte und Zeitgen\u00f6ssische Ostasiatische Kunst. Sie erstellt Gerichts- Schieds- und Privatgutachten, z. B. f\u00fcr das <strong>Museum f\u00fcr Asiatische Kunst Berlin<\/strong>, die <strong>Kulturstiftung der L\u00e4nder<\/strong>, f\u00fcr Auktionsh\u00e4user wie\u00a0<strong>Grisebach GmbH Berlin<\/strong>, <strong>Gerichts-<\/strong>\u00a0und <strong>Versicherungsgutachten<\/strong> in Deutschland sowie <strong>Privatgutachten<\/strong>. Seit 2016 leitet sie die <strong>Repr\u00e4sentanz von Oxford Authentication Ltd. in Berlin<\/strong> und ist autorisiert, Proben f\u00fcr TL (Thermolumineszenz)-Tests zu nehmen.<\/p>\n<h2>Publikationen (Auswahl)<\/h2>\n<ol>\n<li>Der Atlas in Harmonie und Diversit\u00e4t im chinesischen Pavillon der 60. Biennale Venedig \u2013 sieben Themen \u2013 sieben K\u00fcnstler, Zhejing Universit\u00e4t Hangzhou, 2025, im Druck.<\/li>\n<li>\u201eDie Pr\u00e4sentation der Kunst Ostasiens auf der 60. Biennale Venedig 2024\u201d, Ostasiatische Zeitschrift, Neue Serie, Nr. 48, Herbst 2024, S. 48\u201355.<\/li>\n<li>\u201e\u00abIt&#8217;s Like Being in a Filmset\u00bb: K\u00fcnstler aus Ostasien auf der 59. Biennale in Venedig\u201d, in: Ostasiatische Zeitschrift, NS, Nr. 44, Herbst 2022, S. 57\u201359. &gt;&gt;&gt; <a href=\"http:\/\/www.delank.com\/delank\/wp-content\/uploads\/2022\/11\/44OZ_07_Delank.pdf\">Link<\/a><\/li>\n<li>\u201eGeorg Oeder (1846\u20131931), einer der ersten Sammler japanischer Kunst in Deutschland.\u00a0Einfluss und Schicksal seiner Sammlung und das Junge Rheinland\u201d, in: Das Junge Rheinland. Gegr\u00fcndet, gescheitert, vergessen?, hg. von Andrea H\u00fclsen-Esch, D\u00fcsseldorf: De Gruyter 2021, S. 148\u2013165. &gt;&gt;&gt;\u00a0<a href=\"https:\/\/edit.gerda-henkel-stiftung.de\/das-junge-rheinland\/gegruendet-gescheitert-vergessen\/georg-oeder-1846-1931-einer-der-ersten-sammler-japanischer-kunst-in-deutschland-einfluss-und-schicksal-seiner-sammlung_100812.html\">Link<\/a><\/li>\n<li>\u201eGef\u00e4lscht wird alles. Wie F\u00e4lschungen in der ostasiatischen Kunst entlarvt werden\u201d, (mit Harald M\u00fcller), in Der Sachverst\u00e4ndige 9 (2021), S. 217\u2013221. &gt;&gt;&gt; <a href=\"https:\/\/beck-online.beck.de\/?sec=ICAgIGJlY2swODE1MDgxNTA4MTUwODE1ijrGubenoHXO%2fPl6Y0Uv7tT8G54gaBGyFyfchp3nRbbIqS%2bYWAdyKuGsyitYNgYVY9Ng4yuawHqHeqJ1t5uA%2beSC%2fdhiDVH2IYfSEJ8F%2fOUCvn8IJLlVLAzOnJT9OvbpnikgmSByw2ZDqLcRY6oTe%2fkjMxuK8MTKPNlJbiVcSoQ%3d\">Link<\/a><\/li>\n<li>\u201eThe Painters of the Blaue Reiter and Japan. Towards Defining a New Stage of German Japonisme in the Twentieth Century\u201d, in: Journal of Japonisme\u00a05, 2020, S. 71\u201391. &gt;&gt;&gt; <a href=\"http:\/\/www.delank.com\/delank\/wp-content\/uploads\/2020\/05\/24054992_DeLank_005_01_s003_off.pdf\">PDF-Download<\/a><\/li>\n<li>\u201eDie Zeitung im Bauch des Tamburinspielers\u201c (mit Harald M\u00fcller), in: Frankfurter Allgemeinen Zeitung, Nr. 185, 11. August 2018, S. 13.<\/li>\n<li>\u201e\u2018Hokusais Werke Eroben die Herzen von Ausl\u00e4ndern\u2018. Zur Ausstellung im Nationalmuseum f\u00fcr Westliche Kunst Tokyo\u201c, in: Ostasiatische Zeitschrift, NS, Nr. 35, Fr\u00fchjahr 2018, S. 46\u201349.<\/li>\n<li>\u201eThe Painters of the Blaue Reiter and Japan. Towards Defining a New Step of German Japonisme in the 20<sup>th<\/sup>Century\u201c, in: Studies in Japonisme Special Issue: The 7<sup>th<\/sup>Hatakeyama Symposium Acts, April 2018, S. 17\u201322.<\/li>\n<li>\u201eOstasiatische Kunst auf der diesj\u00e4hrigen Biennale Venedig \u2013 Viva Arte Viva\u201c, in: Ostasiatische Zeitschrift, NS, Nr. 34, Herbst 2017, S. 52\u201357.<\/li>\n<li>\u201eUrashima Tar\u00f4 bei den Unsterblichen: Utagawa Kuniyoshis Farbholzschnitt der 38. Station des Kisokaid\u00f4 von 1852\u201c, in: Elegante Zusammenkunft im Gelehrtengarten. Studien zur Ostasiatischen Kunst zu Ehren von Jeong-hee Lee-Kalisch, Weimar 2015, S. 191\u2013195.<\/li>\n<li>\u201eDer Schl\u00fcssel liegt im Fernen Osten. K\u00fcnstler aus Ostasien auf der 56. Biennale in\u00a0Venedig\u201c, in: Ostasiatische Zeitschrift, NS, Nr. 30, Herbst 2015, S. 61\u201371.<\/li>\n<li>\u201eDie Japonismus-Ausstellung in Essen \u2013 eine R\u00fcckschau\u201c, in: Ostasiatische Zeitschrift, NS, Nr. 30, Herbst 2015, S. 53\u201357.<\/li>\n<li>East is East and West is West, Insektenbilder von Milena Aguilar, Maria Sybilla Merian, Kitagawa Utamaro, Gabriela Volanti, mit Beitr\u00e4gen von Horst Bredekamp, Claudia Delank und Davide Ferri, Ausst-Kat. Galerie Claudia Delank, Berlin, 2014.<\/li>\n<li>\u201e\u2018Mit Heuschrecken und wildem Honig\u2018 \u2013 Der Blauen Reiter, das Junge\u00a0Rheinland und die Rezeption der japanischen Kunst\u201c, in: Michiko Mae und\u00a0Elisabeth Scherer (Hrsgg.): Nipponspiration. Japonismus und europ\u00e4ische\u00a0Popul\u00e4rkultur im deutschsprachigen Raum, K\u00f6ln, Weimar, Wien (B\u00f6hlau Verlag),\u00a02013.<\/li>\n<li>\u201eUtagawa Kuniyoshi als Zeichner\u201c, in: Luyken, Gunda und Wismer, Beat (Hrsgg.): Samurai, B\u00fchnenstars und sch\u00f6ne Frauen, Ausst.-Kat. Museum Kunstpalast D\u00fcsseldorf, Ostfildern (Hatje-Cantz), 2012, S. 223\u2013229.<\/li>\n<li>\u201eDie Maler des \u201aBlauen Reiter\u2019 und Japan. Zur Ausstellung im Schlossmuseum Murnau\u201c, in: Ostasiatische Zeitschrift, Herbst 2011, S. 51\u2013 59.<\/li>\n<li>\u201eDie inszenierten Studiobilder in der Yokohama-Photographie\u201c, in: Stefan Koehn (Hrsg.): Fremdbilder\/Selbstbilder \u2013 Paradigmen deutsch-japanischer Wahrnehmung (1861\u20132011)(Reihe Kulturwissenschaftliche Japanstudien, Harrassowitz) (in Arbeit).<\/li>\n<li>a) \u201eJaponismus\u201c, S. 11\u201318; b) \u201eDie Japansammlungen der Maler des Blauen Reiter und ihr Einflu\u00df auf die Malerei\u201c, S. 89\u201395; c) \u201eDie Maler des Blauen Reiter, die Rheinischen Expressionisten und Japan\u201c, S. 96\u2013102 in: Brigitte Salmen (Hrsg.): Die Maler des Blauen Reiter und Japan, Ausst.-Kat. Schlossmuseum Murnau, M\u00fcnchen, 2011.<\/li>\n<li>\u201eK\u00fcnstlerseiden, Katagami und Japanismus in Krefeld um 1900\u201c, in: Ostasiatische Zeitschrift, Neue Serie, Nr. 20, Herbst 2010, S. 49\u201358.<\/li>\n<li>\u201eSumie \u2013 Tuschemalerei und Zenbuddismus\u201c, in: Seubold, G\u00fcnther (Hrsg.): \u00c4sthetik des Zenbuddhismus, Alfter, 2009.<\/li>\n<li>\u201e\u2018Der Besuch\u2018 aus dem Drove-Zyklus von Heinrich Nauen (1880\u20131940) als Beispiel des rheinischen Japonismus vor dem ersten Weltkrieg\u201c, in: Hannelore Dreves, Eva Kaminski, Susanne Sch\u00e4ffler-Gerken (Hrsg.): Kotobuki, Festschrift zu Ehren von Ursula Lienert, Museum f\u00fcr Kunst und Gewerbe, Hamburg, 2009, S. 83\u201390.<\/li>\n<li>\u201e\u2018Ich sauge von den Japanern wie ein kr\u00e4ftiges Kind an der Brust der Mutter\u2018. Das Junge Rheinland und die japanische Kunst\u201c, in: Anna, Susanne und Baumester, Annette (Hrsg.): Das Junge Rheinland \u2013 Vorl\u00e4ufer \u2013 Freunde \u2013 Nachfolger, Ausst.-Kat.,\u00a0 Stadtmuseum D\u00fcsseldorf, Ostfildern (Hatje Cantz), 2008, S. 61\u201371.<\/li>\n<li>\u201eFr\u00fchlingsbilder (<em>shunga<\/em>) \u2013 japanische erotische Holzschnitte\u201c, in: Wismer, Beat und Badelt, Sandra (Hrsgg.): Diana und Actaeon. Derverbotene Blick auf die Nacktheit, Ausst.-Kat. Museum Kunstpalast D\u00fcsseldorf, Ostflidern (Hatje Cantz), 2008, S. 258\u2013270.<\/li>\n<li>\u201eDie Weltausstellungen in Paris, Wien und Chicago sowie das neue Printmedium der Fotografie als Vermittler japanischer Kunst und Kultur im Westen\u201c, in: Ehmcke, F. (Hrsg.): Kunst und Kunsthandwerk der Meiji-Zeit im interkulturellen Dialog (Art and\u00a0 Crafts of the Meiji-Period in the Intercultural Dialogue), M\u00fcnchen (iudicium), 2008.<\/li>\n<li>\u201eSea of Buddha \u2013 Sea of Time, Die Photographien von Hiroshi Sugimoto\u201c, in: Ostasiatische Zeitschrift, NS, Nr. 14, Herbst 2007, S. 42\u201349.<\/li>\n<li>\u201eDas Informel und die japanische Schriftkunst\u201c, in: Walter Gebhard (Hrsg.): Ostasienrezeption in der Nachkriegszeit, M\u00fcnchen (iudicium), 2006, S. 283\u2013300.<\/li>\n<li>Das imagin\u00e4re Japan in der Kunst. ,Japanbilder\u2019 vom Jugendstil bis zum Bauhaus, M\u00fcnchen, 1996 (iudicium) (Japanese translation: Doitsu ni okeru, Nihon = Zo, Shibunkaku Shuppan, Ky\u00f4to 2004).<\/li>\n<li>\u201eDas Bauhaus und Japan. Die Rezeption japanischer \u00c4sthetik am Bauhaus (1919\u20131933)\u201c (The Bauhaus and Japan), in: Gebhard, Walter (Hrsg.): Ostasienrezeption im Schatten der Weltkriege. Universalismus und Nationalismus, M\u00fcnchen, 2003 (iudicium), S. 267\u2013287.<\/li>\n<li>Claudia Delank und Phillip March (Hrsgg.): Abenteuer der japanischen Fotografie\/The Adventure of Japanese Photography 1860 \u2013 1900, (English and German edition) Heidelberg (Kehrer Verlag), 2002.<\/li>\n<li>\u201eJapanbilder \u2013 Bilder aus Japan. Yokohama-Photographie in der ostasiatischen und europ\u00e4ischen Bildtradition des 19. Jahrhunderts\u201c, in: Gebhard, Walter (Hrsg.): Ostasienrezeption zwischen Klischee und Innovation, M\u00fcnchen (iudicium), 2000 S. 255\u2013279.<\/li>\n<li>\u201eDie Rezeption japanischer \u00c4sthetik am Bauhaus\u201c, in: Avantgarde in Japan. Art into Life 1900\u20131940, Ausst.-Kat., The National Museum of Modern Art, Kyoto 1999, S. 268\u2013289 (Text Japanisch\/Deutsch) und in: Weber, Klaus (hg.), Avantgarde im Dialog. Bauhaus, Dada und Expressionismus in Japan. Supplement zum \u00a0japanischen Katalog , Berlin, 2000, S. 15\u201325.<\/li>\n<li>\u201eSamurai, Geisha und der Gro\u00dfe Buddha, Japan in der Photographie 1860 \u2013 1900\u201c, in: Bodo v. Dewitz(Hrsg.): Alles Wahrheit! Alles L\u00fcge! Photographie und Wirklichkeit im 19. Jahrhundert \u2013 Die Sammlung Robert Lebeck, Ausst.-Kat., K\u00f6ln, Agfa-Foto-Historama, Wallraf-Richartz-Museum, 1996, S. 281\u2013334.<\/li>\n<li>\u201eDas Portrait ist Programm, japanische Hintergrundmotive auf den Fotografien von Hugo Erfurt (1874 &#8211; 1948)\u201c, in: Kunst und Antiquit\u00e4ten , 14\/1993, S. 38\u201340.<\/li>\n<li>\u201ePaul Jacoulet (1902 &#8211; 1960) \u2013 Graphik in der Tradition der japanischen nishiki-e\u201c, Mitteilungen der deutschen Gesellschaft f\u00fcr ostasiatische Kunst, Juli 1993, S. 28\u201335.<\/li>\n<li>(Hrsg. u. \u00fcbers.) Kitagawa Utamaro: \u201eIm Garten ein Summen. Die Bilder und Gedichte des Ehon Mushi Erabi\u201c, M\u00fcnchen (Diederichs Verlag), 1988.<\/li>\n<\/ol>\n","protected":false},"excerpt":{"rendered":"<p>Dr. Claudia Delank \u2014 Studium der Anglistik, ostasiatischen Kunstgeschichte und Japanologie an den Universit\u00e4ten T\u00fcbingen, K\u00f6ln (Prof. Dr. Roger Goepper) und Cambridge. 1981 Promotion, 1982\u201385 Lektorin an der Tohoku Universit\u00e4t Sendai, Japan.\u00a01986\u20132011 Lehrauftr\u00e4ge an den Universit\u00e4ten Trier, K\u00f6ln, Bonn, FU Berlin und Kunstakademie D\u00fcsseldorf. Autorin zahlreicher Publikationen zur japanischen Kunst und zum Japonismus. 2011 Kuratierung&hellip; <a class=\"more-link\" href=\"http:\/\/www.delank.com\/delank\/gutachten\/zur-person\/\"><span class=\"screen-reader-text\">Zur Person<\/span> weiterlesen <span class=\"meta-nav\" aria-hidden=\"true\">&rarr;<\/span><\/a><\/p>\n","protected":false},"author":1,"featured_media":0,"parent":19,"menu_order":0,"comment_status":"closed","ping_status":"closed","template":"right-column-page.php","meta":[],"_links":{"self":[{"href":"http:\/\/www.delank.com\/delank\/wp-json\/wp\/v2\/pages\/565"}],"collection":[{"href":"http:\/\/www.delank.com\/delank\/wp-json\/wp\/v2\/pages"}],"about":[{"href":"http:\/\/www.delank.com\/delank\/wp-json\/wp\/v2\/types\/page"}],"author":[{"embeddable":true,"href":"http:\/\/www.delank.com\/delank\/wp-json\/wp\/v2\/users\/1"}],"replies":[{"embeddable":true,"href":"http:\/\/www.delank.com\/delank\/wp-json\/wp\/v2\/comments?post=565"}],"version-history":[{"count":13,"href":"http:\/\/www.delank.com\/delank\/wp-json\/wp\/v2\/pages\/565\/revisions"}],"predecessor-version":[{"id":954,"href":"http:\/\/www.delank.com\/delank\/wp-json\/wp\/v2\/pages\/565\/revisions\/954"}],"up":[{"embeddable":true,"href":"http:\/\/www.delank.com\/delank\/wp-json\/wp\/v2\/pages\/19"}],"wp:attachment":[{"href":"http:\/\/www.delank.com\/delank\/wp-json\/wp\/v2\/media?parent=565"}],"curies":[{"name":"wp","href":"https:\/\/api.w.org\/{rel}","templated":true}]}}